{"id":37,"date":"2019-07-27T15:45:00","date_gmt":"2019-07-27T15:45:00","guid":{"rendered":"http:\/\/0.0.0.0:8080\/?page_id=37"},"modified":"2025-03-23T14:32:03","modified_gmt":"2025-03-23T13:32:03","slug":"contact","status":"publish","type":"page","link":"https:\/\/nathalie-bideau.fr\/?page_id=37","title":{"rendered":"Contact"},"content":{"rendered":"\n<p>\n<strong>CONTACT&nbsp;<\/strong>:<\/p>\n\n\n\n<p> <img decoding=\"async\" class=\"wp-image-124\" style=\"width: 30px;\" src=\"http:\/\/0.0.0.0:8080\/wp-content\/uploads\/2019\/08\/at.png\" alt=\"\">   <a href=\"mailto:nathalie.bideau@gmail.com\">nathalie.bideau@gmail.com<\/a><\/p>\n\n\n\n<ul>\n<li>Portable: 06 18 45 47 27  (en soins \u00e0 domicile les matins sauf les mercredi et samedi )<\/li>\n\n\n\n<li>Cabinet de kin\u00e9:  03 83 80 14 25  ( tous les apr\u00e8s midi) <\/li>\n<\/ul>\n\n\n\n<p><strong>R\u00c8GLEMENT :<\/strong><\/p>\n\n\n\n<p>Ch\u00e8que ou esp\u00e8ces (<strong><em>Pas de CB<\/em><\/strong>)<\/p>\n\n\n\n<p><strong>RDV&nbsp;:<\/strong><\/p>\n\n\n\n<p> Possibilit\u00e9 en semaine et  le samedi  sur accord r\u00e9ciproque.<\/p>\n\n\n\n<p><strong>Adresse : <\/strong>5 rue Abb\u00e9 MAMIAS 54121 VANDIERES<\/p>\n\n\n\n<p> (entre Pagny-sur-Moselle et Pont-\u00e0-Mousson)<\/p>\n\n\n<div class=\"wp-block-image\">\n<figure class=\"aligncenter size-full is-resized\"><img loading=\"lazy\" decoding=\"async\" width=\"217\" height=\"180\" src=\"http:\/\/nathalie-bideau.fr\/wp-content\/uploads\/2024\/01\/DOS-image.jpg\" alt=\"\" class=\"wp-image-412\" style=\"aspect-ratio:1.2055555555555555;width:413px;height:auto\" srcset=\"https:\/\/nathalie-bideau.fr\/wp-content\/uploads\/2024\/01\/DOS-image.jpg 217w, https:\/\/nathalie-bideau.fr\/wp-content\/uploads\/2024\/01\/DOS-image-72x60.jpg 72w\" sizes=\"(max-width: 217px) 100vw, 217px\" \/><\/figure><\/div>","protected":false},"excerpt":{"rendered":"<p>CONTACT&nbsp;: nathalie.bideau@gmail.com R\u00c8GLEMENT : Ch\u00e8que ou esp\u00e8ces (Pas de CB) RDV&nbsp;: Possibilit\u00e9 en semaine et le samedi sur accord r\u00e9ciproque. Adresse : 5 rue Abb\u00e9 MAMIAS 54121 VANDIERES (entre Pagny-sur-Moselle &hellip; <\/p>\n","protected":false},"author":1,"featured_media":180,"parent":0,"menu_order":0,"comment_status":"closed","ping_status":"closed","template":"","meta":{"footnotes":""},"_links":{"self":[{"href":"https:\/\/nathalie-bideau.fr\/index.php?rest_route=\/wp\/v2\/pages\/37"}],"collection":[{"href":"https:\/\/nathalie-bideau.fr\/index.php?rest_route=\/wp\/v2\/pages"}],"about":[{"href":"https:\/\/nathalie-bideau.fr\/index.php?rest_route=\/wp\/v2\/types\/page"}],"author":[{"embeddable":true,"href":"https:\/\/nathalie-bideau.fr\/index.php?rest_route=\/wp\/v2\/users\/1"}],"replies":[{"embeddable":true,"href":"https:\/\/nathalie-bideau.fr\/index.php?rest_route=%2Fwp%2Fv2%2Fcomments&post=37"}],"version-history":[{"count":14,"href":"https:\/\/nathalie-bideau.fr\/index.php?rest_route=\/wp\/v2\/pages\/37\/revisions"}],"predecessor-version":[{"id":544,"href":"https:\/\/nathalie-bideau.fr\/index.php?rest_route=\/wp\/v2\/pages\/37\/revisions\/544"}],"wp:featuredmedia":[{"embeddable":true,"href":"https:\/\/nathalie-bideau.fr\/index.php?rest_route=\/wp\/v2\/media\/180"}],"wp:attachment":[{"href":"https:\/\/nathalie-bideau.fr\/index.php?rest_route=%2Fwp%2Fv2%2Fmedia&parent=37"}],"curies":[{"name":"wp","href":"https:\/\/api.w.org\/{rel}","templated":true}]}}