{"id":347,"date":"2022-08-15T17:02:32","date_gmt":"2022-08-15T15:02:32","guid":{"rendered":"http:\/\/nathalie-bideau.fr\/?page_id=347"},"modified":"2026-05-10T15:38:27","modified_gmt":"2026-05-10T13:38:27","slug":"accueil","status":"publish","type":"page","link":"https:\/\/nathalie-bideau.fr\/","title":{"rendered":"ACCUEIL"},"content":{"rendered":"\n<p class=\"has-text-align-center\">Ce site internet a pour but de vous pr\u00e9senter les soins prodigu\u00e9s  au sein du cabinet de kin\u00e9sith\u00e9rapie situ\u00e9 <\/p>\n\n\n\n<p class=\"has-text-align-center\"><mark style=\"background-color:rgba(0, 0, 0, 0)\" class=\"has-inline-color has-vivid-red-color\"><strong>5 rue Abb\u00e9 Mamias 54121 VANDIERES<\/strong> <\/mark><\/p>\n\n\n\n<p class=\"has-text-align-center\">en compl\u00e9ment des prises en charge en secteur conventionn\u00e9 des actes de kin\u00e9sith\u00e9rapie.<\/p>\n\n\n\n<p class=\"has-text-align-center\"><\/p>\n\n\n\n<p class=\"has-text-align-center\">Vous aurez ainsi acc\u00e8s aux diff\u00e9rents types de massage (ayurv\u00e9da, shiatsu, r\u00e9flexologie plantaire), \u00e0 l&rsquo;ost\u00e9opathie, \u00e0 des propositions de prise en charge individuelle, \u00e0 des ateliers sp\u00e9cifiques en individuel <\/p>\n\n\n\n<p>Possibilit\u00e9 de faire <mark style=\"background-color:rgba(0, 0, 0, 0)\" class=\"has-inline-color has-vivid-red-color\"><strong>une mini cure de plusieurs soins<\/strong><\/mark> sur deux \u00e0 trois heures en recevant ainsi des massages diff\u00e9rents et compl\u00e9mentaires<\/p>\n\n\n\n<figure class=\"wp-block-image size-large\"><img loading=\"lazy\" decoding=\"async\" width=\"1024\" height=\"373\" src=\"http:\/\/nathalie-bideau.fr\/wp-content\/uploads\/2019\/09\/cropped-DSD_4606-min-1024x373.jpg\" alt=\"\" class=\"wp-image-176\" srcset=\"https:\/\/nathalie-bideau.fr\/wp-content\/uploads\/2019\/09\/cropped-DSD_4606-min-1024x373.jpg 1024w, https:\/\/nathalie-bideau.fr\/wp-content\/uploads\/2019\/09\/cropped-DSD_4606-min-300x109.jpg 300w, https:\/\/nathalie-bideau.fr\/wp-content\/uploads\/2019\/09\/cropped-DSD_4606-min-768x280.jpg 768w, https:\/\/nathalie-bideau.fr\/wp-content\/uploads\/2019\/09\/cropped-DSD_4606-min-165x60.jpg 165w, https:\/\/nathalie-bideau.fr\/wp-content\/uploads\/2019\/09\/cropped-DSD_4606-min.jpg 1920w\" sizes=\"(max-width: 1024px) 100vw, 1024px\" \/><\/figure>\n\n\n\n<ul>\n<li>En novembre 2024, nouveau stage sur le massage du pied avec le bol Kantsu.<\/li>\n\n\n\n<li>En mars 2025, conf\u00e9rence sur les pathologies et la sant\u00e9 de la femme.<\/li>\n\n\n\n<li>En avril 2025: atelier de formation massage pieds\/mains crois\u00e9s<\/li>\n\n\n\n<li>En juin 2025: atelier de massage du ventre<\/li>\n<\/ul>\n\n\n\n<p><strong>SAMEDI 17\/01\/2026<\/strong>: formation sur le microbiote, SIFO, SIBO avec le DR KIMMEL et el laboratoire EUROFORM<\/p>\n\n\n\n<p><strong>MARDI 24\/03\/2026<\/strong>: conf\u00e9rence sur les troubles digestifs, biologie fonctionnelle et protocoles associ\u00e9s par le laboratoire EUORFORM<\/p>\n\n\n\n<p><strong>SAMEDI 27\/06\/2026<\/strong>: conf\u00e9rence EUROFORM sur les maladies neurod\u00e9g\u00e9n\u00e9ratives, TDHA, troubles de la m\u00e9moire, du sommeil, conduites addictives, syndromes anxio-d\u00e9pressives<\/p>\n\n\n\n<p><\/p>\n\n\n\n<p>On renforce ses d\u00e9fenses immunitaires avec de bonnes huiles, de la VIT D3, VIT D3K2 selon l&rsquo;\u00e2ge et les pathologies<\/p>\n\n\n\n<p>Nouveau chez<strong> EUROFORM<\/strong>: <strong>REGULOFORM<\/strong>, 10 huiles essentielles, pour lutter contre intestin irritable, dysbiose, infection urinaire (ne pas prescrire si diab\u00e8te cancer hormonod\u00e9pendants)<\/p>\n\n\n\n<p>Travailler la perm\u00e9abilit\u00e9 intestinale avec <strong>PERMEAFORM<\/strong>, \u00e9l\u00e9ment fondamental pour garantir un bon fonctionnement intestinal et une sant\u00e9 \u00e9quilibr\u00e9e.<\/p>\n\n\n\n<p><strong>Triptyque de base<\/strong>:<strong> PERMEAFORM<\/strong> (perm\u00e9abilit\u00e9 intestinale), <strong>KEFIFORM<\/strong> (lait de jument avec grain de k\u00e9fir s\u00e9lectionn\u00e9),<strong> LACTOFORM <\/strong>(probiotiques, il en existe plusieurs sortes selon le terrain)<\/p>\n\n\n\n<p>Travailler sur le ph: FORMULE ALCALINISANTE,  AXO PH<\/p>\n\n\n\n<p>Modifier son petit d\u00e9jeuner au quotidien pour apporter des  bact\u00e9ries vari\u00e9es.<\/p>\n\n\n\n<p><strong>Encore et toujours \u00e9quilibrer son alimentation<\/strong> et faire, si la sant\u00e9 le permet, le je\u00fbne intermittent 1 \u00e0 2 fois par semaine, en restant sans manger du d\u00e9jeuner du 1er jour au petit d\u00e9jeuner du 2nd jour. S&rsquo;hydrater en \u00e9vitant caf\u00e9 et th\u00e9 les apr\u00e8s midis.<\/p>\n\n\n\n<p><strong>La phycocyanine<\/strong> <em><mark style=\"background-color:rgba(0, 0, 0, 0)\" class=\"has-inline-color has-vivid-green-cyan-color\">Laboratoire SPIRULINE DE LA C\u00d4TE BLEUE \u00e0 Les Pennes Mirabeau<\/mark><\/em>: B\u00e9n\u00e9fique pour votre sant\u00e9, elle est un&nbsp;<strong>stimulant des d\u00e9fenses immunitaires<\/strong>&nbsp;et a des effets&nbsp;<strong>anti inflammatoir<\/strong>es. <strong>Performance et R\u00e9cup\u00e9ration Sportive:<\/strong>&nbsp;elle am\u00e9liore l&rsquo;endurance, et acc\u00e9l\u00e8re la r\u00e9cup\u00e9ration en limitant les douleurs musculaires et le stress oxydatif post-effort.<\/p>\n\n\n\n<p><strong>Reprendre une activit\u00e9 physique<\/strong> pour \u00e9quilibrer ses rythmes.<\/p>\n\n\n\n<p><strong>Nouveaut\u00e9<\/strong>:<\/p>\n\n\n\n<p>rdv sp\u00e9cial <strong>VENTRE:<\/strong> il est le premier cerveau et constitue le fondement d&rsquo;une meilleure sant\u00e9 et d&rsquo;une avanc\u00e9e dans l&rsquo;\u00e2ge meilleure.<\/p>\n\n\n\n<ul>\n<li>Entretien pour d\u00e9terminer les dysfonctionnements et \u00e9laborer des conseils <\/li>\n\n\n\n<li>Massage du ventre et apprentissage de l&rsquo;automassage<\/li>\n\n\n\n<li>Travail sur la respiration, bol d&rsquo;air Jacquier pour permettre une oxyg\u00e9nation biocatalytique et am\u00e9liorer les \u00e9changes sanguins<\/li>\n\n\n\n<li>Exercices de renforcement musculaire de la sangle abdominale apr\u00e8s avoir compris le lien avec le rachis, les deux diaphragmes thoracique et pelvien<\/li>\n<\/ul>\n\n\n\n<figure class=\"wp-block-image size-large is-resized\"><img loading=\"lazy\" decoding=\"async\" width=\"1024\" height=\"683\" src=\"https:\/\/nathalie-bideau.fr\/wp-content\/uploads\/2026\/03\/11564037-1024x683.webp\" alt=\"\" class=\"wp-image-593\" style=\"width:333px;height:auto\" srcset=\"https:\/\/nathalie-bideau.fr\/wp-content\/uploads\/2026\/03\/11564037-1024x683.webp 1024w, https:\/\/nathalie-bideau.fr\/wp-content\/uploads\/2026\/03\/11564037-300x200.webp 300w, https:\/\/nathalie-bideau.fr\/wp-content\/uploads\/2026\/03\/11564037-768x513.webp 768w, https:\/\/nathalie-bideau.fr\/wp-content\/uploads\/2026\/03\/11564037-90x60.webp 90w, https:\/\/nathalie-bideau.fr\/wp-content\/uploads\/2026\/03\/11564037-370x247.webp 370w, https:\/\/nathalie-bideau.fr\/wp-content\/uploads\/2026\/03\/11564037-776x517.webp 776w, https:\/\/nathalie-bideau.fr\/wp-content\/uploads\/2026\/03\/11564037.webp 1500w\" sizes=\"(max-width: 1024px) 100vw, 1024px\" \/><\/figure>\n\n\n\n<figure class=\"wp-block-gallery has-nested-images columns-default is-cropped wp-block-gallery-2 is-layout-flex wp-block-gallery-is-layout-flex\">\n<figure class=\"wp-block-image size-full wp-duotone-000000-8ed1fc-1\"><img loading=\"lazy\" decoding=\"async\" width=\"640\" height=\"457\" data-id=\"358\" src=\"http:\/\/nathalie-bideau.fr\/wp-content\/uploads\/2022\/08\/danse4.jpeg\" alt=\"\" class=\"wp-image-358\" srcset=\"https:\/\/nathalie-bideau.fr\/wp-content\/uploads\/2022\/08\/danse4.jpeg 640w, https:\/\/nathalie-bideau.fr\/wp-content\/uploads\/2022\/08\/danse4-300x214.jpeg 300w, https:\/\/nathalie-bideau.fr\/wp-content\/uploads\/2022\/08\/danse4-84x60.jpeg 84w\" sizes=\"(max-width: 640px) 100vw, 640px\" \/><\/figure>\n<\/figure>\n","protected":false},"excerpt":{"rendered":"<p>Ce site internet a pour but de vous pr\u00e9senter les soins prodigu\u00e9s au sein du cabinet de kin\u00e9sith\u00e9rapie situ\u00e9 5 rue Abb\u00e9 Mamias 54121 VANDIERES en compl\u00e9ment des prises en &hellip; <\/p>\n","protected":false},"author":1,"featured_media":358,"parent":0,"menu_order":0,"comment_status":"closed","ping_status":"closed","template":"","meta":{"footnotes":""},"_links":{"self":[{"href":"https:\/\/nathalie-bideau.fr\/index.php?rest_route=\/wp\/v2\/pages\/347"}],"collection":[{"href":"https:\/\/nathalie-bideau.fr\/index.php?rest_route=\/wp\/v2\/pages"}],"about":[{"href":"https:\/\/nathalie-bideau.fr\/index.php?rest_route=\/wp\/v2\/types\/page"}],"author":[{"embeddable":true,"href":"https:\/\/nathalie-bideau.fr\/index.php?rest_route=\/wp\/v2\/users\/1"}],"replies":[{"embeddable":true,"href":"https:\/\/nathalie-bideau.fr\/index.php?rest_route=%2Fwp%2Fv2%2Fcomments&post=347"}],"version-history":[{"count":33,"href":"https:\/\/nathalie-bideau.fr\/index.php?rest_route=\/wp\/v2\/pages\/347\/revisions"}],"predecessor-version":[{"id":617,"href":"https:\/\/nathalie-bideau.fr\/index.php?rest_route=\/wp\/v2\/pages\/347\/revisions\/617"}],"wp:featuredmedia":[{"embeddable":true,"href":"https:\/\/nathalie-bideau.fr\/index.php?rest_route=\/wp\/v2\/media\/358"}],"wp:attachment":[{"href":"https:\/\/nathalie-bideau.fr\/index.php?rest_route=%2Fwp%2Fv2%2Fmedia&parent=347"}],"curies":[{"name":"wp","href":"https:\/\/api.w.org\/{rel}","templated":true}]}}