{"id":30,"date":"2019-07-27T15:31:21","date_gmt":"2019-07-27T15:31:21","guid":{"rendered":"http:\/\/0.0.0.0:8080\/?page_id=30"},"modified":"2026-01-18T18:13:32","modified_gmt":"2026-01-18T17:13:32","slug":"drainage-lymphatique","status":"publish","type":"page","link":"https:\/\/nathalie-bideau.fr\/?page_id=30","title":{"rendered":"Drainage lymphatique"},"content":{"rendered":"\n<p>\n<strong>DRAINAGE LYMPHATIQUE MANUEL<\/strong><\/p>\n\n\n\n<p> Man\u0153uvres d&rsquo;appel et de r\u00e9sorption le long de la cha\u00eene ganglionnaire et des vaisseaux lymphatiques pour am\u00e9liorer la capacit\u00e9 de drainage et d&rsquo;\u00e9limination, depuis la t\u00eate ,cou, ventre,  membres sup\u00e9rieurs et inf\u00e9rieurs. Cette technique est <strong>extr\u00eamement douce et superficielle<\/strong> dans le sens ou elle touche les vaisseaux lymphatiques sous cutan\u00e9s. Elle est donc diff\u00e9rente des man\u0153uvres qui s&rsquo;adressent au retour veineux, plus profondes et appuy\u00e9es. <\/p>\n\n\n\n<p>Ce soin s&rsquo;adresse \u00e9galement aux personnes ayant eu un cancer avec un lymph\u0153d\u00e8me comme cons\u00e9quence, membre inf\u00e9rieur ou membre sup\u00e9rieur . Une technique de bandage compressif peut \u00eatre associ\u00e9 ainsi que le port d&rsquo;un manchon (bras) ou bas de contention (jambe).<\/p>\n\n\n\n<p>Un travail de brossage superficiel et la pose d&rsquo;une cr\u00e8me rafraichissante viennent compl\u00e9ter le DLM. <\/p>\n\n\n\n<p>Le DLM ne fait pas maigrir, il doit \u00eatre  associ\u00e9 si possible \u00e0 une approche du microbiome et un drainage h\u00e9patique puis r\u00e9nal.<\/p>\n\n\n\n<figure class=\"wp-block-gallery has-nested-images columns-default is-cropped wp-block-gallery-1 is-layout-flex wp-block-gallery-is-layout-flex\">\n<figure class=\"wp-block-image size-full\"><img loading=\"lazy\" decoding=\"async\" width=\"345\" height=\"174\" data-id=\"431\" src=\"http:\/\/nathalie-bideau.fr\/wp-content\/uploads\/2024\/01\/DLM-sein.jpg\" alt=\"\" class=\"wp-image-431\" srcset=\"https:\/\/nathalie-bideau.fr\/wp-content\/uploads\/2024\/01\/DLM-sein.jpg 345w, https:\/\/nathalie-bideau.fr\/wp-content\/uploads\/2024\/01\/DLM-sein-300x151.jpg 300w, https:\/\/nathalie-bideau.fr\/wp-content\/uploads\/2024\/01\/DLM-sein-119x60.jpg 119w\" sizes=\"(max-width: 345px) 100vw, 345px\" \/><\/figure>\n<\/figure>\n\n\n\n<div class=\"wp-block-file\"><a href=\"blob:https:\/\/nathalie-bideau.fr\/4c3708b9-675a-4b77-8b14-71627630d544\" class=\"wp-block-file__button wp-element-button\" download><\/a><\/div>\n","protected":false},"excerpt":{"rendered":"<p>DRAINAGE LYMPHATIQUE MANUEL Man\u0153uvres d&rsquo;appel et de r\u00e9sorption le long de la cha\u00eene ganglionnaire et des vaisseaux lymphatiques pour am\u00e9liorer la capacit\u00e9 de drainage et d&rsquo;\u00e9limination, depuis la t\u00eate ,cou, &hellip; <\/p>\n","protected":false},"author":1,"featured_media":180,"parent":0,"menu_order":0,"comment_status":"closed","ping_status":"closed","template":"","meta":{"footnotes":""},"_links":{"self":[{"href":"https:\/\/nathalie-bideau.fr\/index.php?rest_route=\/wp\/v2\/pages\/30"}],"collection":[{"href":"https:\/\/nathalie-bideau.fr\/index.php?rest_route=\/wp\/v2\/pages"}],"about":[{"href":"https:\/\/nathalie-bideau.fr\/index.php?rest_route=\/wp\/v2\/types\/page"}],"author":[{"embeddable":true,"href":"https:\/\/nathalie-bideau.fr\/index.php?rest_route=\/wp\/v2\/users\/1"}],"replies":[{"embeddable":true,"href":"https:\/\/nathalie-bideau.fr\/index.php?rest_route=%2Fwp%2Fv2%2Fcomments&post=30"}],"version-history":[{"count":9,"href":"https:\/\/nathalie-bideau.fr\/index.php?rest_route=\/wp\/v2\/pages\/30\/revisions"}],"predecessor-version":[{"id":584,"href":"https:\/\/nathalie-bideau.fr\/index.php?rest_route=\/wp\/v2\/pages\/30\/revisions\/584"}],"wp:featuredmedia":[{"embeddable":true,"href":"https:\/\/nathalie-bideau.fr\/index.php?rest_route=\/wp\/v2\/media\/180"}],"wp:attachment":[{"href":"https:\/\/nathalie-bideau.fr\/index.php?rest_route=%2Fwp%2Fv2%2Fmedia&parent=30"}],"curies":[{"name":"wp","href":"https:\/\/api.w.org\/{rel}","templated":true}]}}