{"id":237,"date":"2019-09-21T09:13:54","date_gmt":"2019-09-21T07:13:54","guid":{"rendered":"http:\/\/nathalie-bideau.fr\/?page_id=237"},"modified":"2025-03-23T14:21:31","modified_gmt":"2025-03-23T13:21:31","slug":"liens-utiles","status":"publish","type":"page","link":"https:\/\/nathalie-bideau.fr\/?page_id=237","title":{"rendered":"KTape"},"content":{"rendered":"\n<p class=\"has-text-align-center\">Pose de KTape pour les  sportifs et les personnes ayant un geste r\u00e9p\u00e9titif entrainant une l\u00e9sion tendineuse et\/ou musculaire<\/p>\n\n\n\n<p class=\"has-text-align-center\"><mark style=\"background-color:#ffffff\" class=\"has-inline-color has-vivid-red-color\">Soin pr\u00e9ventif et curatif<\/mark><\/p>\n\n\n\n<p class=\"has-text-align-center\"><\/p>\n\n\n\n<figure class=\"wp-block-gallery has-nested-images columns-default is-cropped wp-block-gallery-1 is-layout-flex wp-block-gallery-is-layout-flex\">\n<figure class=\"wp-block-image size-full\"><img loading=\"lazy\" decoding=\"async\" width=\"220\" height=\"165\" data-id=\"443\" src=\"http:\/\/nathalie-bideau.fr\/wp-content\/uploads\/2024\/01\/KinesioTaping.png\" alt=\"\" class=\"wp-image-443\" srcset=\"https:\/\/nathalie-bideau.fr\/wp-content\/uploads\/2024\/01\/KinesioTaping.png 220w, https:\/\/nathalie-bideau.fr\/wp-content\/uploads\/2024\/01\/KinesioTaping-80x60.png 80w, https:\/\/nathalie-bideau.fr\/wp-content\/uploads\/2024\/01\/KinesioTaping-110x83.png 110w\" sizes=\"(max-width: 220px) 100vw, 220px\" \/><\/figure>\n\n\n\n<figure class=\"wp-block-image size-full\"><img loading=\"lazy\" decoding=\"async\" width=\"244\" height=\"180\" data-id=\"419\" src=\"http:\/\/nathalie-bideau.fr\/wp-content\/uploads\/2024\/01\/pilates-1.jpg\" alt=\"\" class=\"wp-image-419\" srcset=\"https:\/\/nathalie-bideau.fr\/wp-content\/uploads\/2024\/01\/pilates-1.jpg 244w, https:\/\/nathalie-bideau.fr\/wp-content\/uploads\/2024\/01\/pilates-1-81x60.jpg 81w\" sizes=\"(max-width: 244px) 100vw, 244px\" \/><\/figure>\n<\/figure>\n\n\n","protected":false},"excerpt":{"rendered":"<p>Pose de KTape pour les sportifs et les personnes ayant un geste r\u00e9p\u00e9titif entrainant une l\u00e9sion tendineuse et\/ou musculaire Soin pr\u00e9ventif et curatif<\/p>\n","protected":false},"author":1,"featured_media":180,"parent":0,"menu_order":0,"comment_status":"closed","ping_status":"closed","template":"","meta":{"footnotes":""},"_links":{"self":[{"href":"https:\/\/nathalie-bideau.fr\/index.php?rest_route=\/wp\/v2\/pages\/237"}],"collection":[{"href":"https:\/\/nathalie-bideau.fr\/index.php?rest_route=\/wp\/v2\/pages"}],"about":[{"href":"https:\/\/nathalie-bideau.fr\/index.php?rest_route=\/wp\/v2\/types\/page"}],"author":[{"embeddable":true,"href":"https:\/\/nathalie-bideau.fr\/index.php?rest_route=\/wp\/v2\/users\/1"}],"replies":[{"embeddable":true,"href":"https:\/\/nathalie-bideau.fr\/index.php?rest_route=%2Fwp%2Fv2%2Fcomments&post=237"}],"version-history":[{"count":9,"href":"https:\/\/nathalie-bideau.fr\/index.php?rest_route=\/wp\/v2\/pages\/237\/revisions"}],"predecessor-version":[{"id":543,"href":"https:\/\/nathalie-bideau.fr\/index.php?rest_route=\/wp\/v2\/pages\/237\/revisions\/543"}],"wp:featuredmedia":[{"embeddable":true,"href":"https:\/\/nathalie-bideau.fr\/index.php?rest_route=\/wp\/v2\/media\/180"}],"wp:attachment":[{"href":"https:\/\/nathalie-bideau.fr\/index.php?rest_route=%2Fwp%2Fv2%2Fmedia&parent=237"}],"curies":[{"name":"wp","href":"https:\/\/api.w.org\/{rel}","templated":true}]}}