{"id":154,"date":"2019-08-31T08:48:40","date_gmt":"2019-08-31T08:48:40","guid":{"rendered":"http:\/\/0.0.0.0:8080\/?page_id=154"},"modified":"2025-11-30T16:27:49","modified_gmt":"2025-11-30T15:27:49","slug":"ateliers","status":"publish","type":"page","link":"https:\/\/nathalie-bideau.fr\/?page_id=154","title":{"rendered":"Ateliers"},"content":{"rendered":"\n<p class=\"has-text-align-center has-drop-cap has-luminous-vivid-orange-color has-very-light-gray-background-color has-text-color has-background\"> Je pratique depuis 1985 la r\u00e9\u00e9ducation, qui associe massage et mouvements, alli\u00e9e \u00e0 une prise de conscience de soi par le corps, ses limites comme ses capacit\u00e9s,  et la gestion de la douleur.  <\/p>\n\n\n\n<p>Les ateliers propos\u00e9 permettent d&rsquo;ouvrir une parenth\u00e8se avec un espace temps propice au l\u00e2cher prise, suspendre les jugements \u00e0 l&rsquo;encontre de soi m\u00eame et permettre l&rsquo;acc\u00e8s \u00e0 la d\u00e9tente corporelle. C&rsquo;est \u00ab&nbsp;<strong>prendre soin de soi&nbsp;<\/strong>\u00bb de sa sant\u00e9, se pr\u00e9parer de fa\u00e7on responsable au vieillissement, s&rsquo;aguerrir pour mieux affronter les probl\u00e8mes de la vie en se d\u00e9couvrant des capacit\u00e9s endormies jusque l\u00e0 et des choix diff\u00e9rents de ceux engendr\u00e9s par une routine et qui semblent  dicter nos comportements addictifs. <\/p>\n\n\n\n<p>Les ateliers en individuel et\/ou en groupe abordent des th\u00e8mes diff\u00e9rents et compl\u00e9mentaires. <\/p>\n\n\n\n<p><\/p>\n\n\n\n<h5 class=\"wp-block-heading\">Trouver en soi les ressorts pour se motiver<\/h5>\n\n\n\n<p>Mini cure en massage  et atelier permettent de retrouver des sensations positives, de reprendre go\u00fbt \u00e0 l\u2019effort, de r\u00e9duire l\u2019anxi\u00e9t\u00e9, et renouer avec le bien-\u00eatre. Ils canalisent les \u00e9motions n\u00e9gatives, l\u2019impulsivit\u00e9, l\u2019agressivit\u00e9, renforce l\u2019estime de soi et la confiance en soi. <\/p>\n\n\n\n<p>La <strong>douleur chronique<\/strong> repr\u00e9sente un enjeu , et les \u00e9tudes scientifiques r\u00e9v\u00e8lent que la sensation douloureuse (localisation, caract\u00e8re, inflammation) se combine avec avec la <strong>dimension affective<\/strong> pour devenir \u00ab\u00a0douloureuse\u00a0\u00bb.<\/p>\n\n\n\n<p> <strong>L\u2019approche alimentaire<\/strong> est fondamentale pour \u00e9quilibrer le terrain et le m\u00e9tabolisme, retrouver des r\u00e8gles de base valid\u00e9es par les d\u00e9couvertes scientifiques, corriger l&rsquo;exc\u00e8s d&rsquo;acidit\u00e9, apprendre \u00e0 consommer certains aliments, compl\u00e9ter par des acides gras vitamines et min\u00e9raux, apprendre \u00e0 se d\u00e9barrasser de mauvaises habitudes.<\/p>\n\n\n\n<figure class=\"wp-block-image size-full\"><img loading=\"lazy\" decoding=\"async\" width=\"345\" height=\"181\" src=\"http:\/\/nathalie-bideau.fr\/wp-content\/uploads\/2024\/05\/alimentation.jpg\" alt=\"\" class=\"wp-image-509\" srcset=\"https:\/\/nathalie-bideau.fr\/wp-content\/uploads\/2024\/05\/alimentation.jpg 345w, https:\/\/nathalie-bideau.fr\/wp-content\/uploads\/2024\/05\/alimentation-300x157.jpg 300w, https:\/\/nathalie-bideau.fr\/wp-content\/uploads\/2024\/05\/alimentation-114x60.jpg 114w\" sizes=\"(max-width: 345px) 100vw, 345px\" \/><\/figure>\n\n\n\n<h5 class=\"wp-block-heading\"><em>Relaxation<\/em><\/h5>\n\n\n\n<p>Les bienfaits de la relaxation se situent \u00e0 la fois au plan physique, corporel, \u00e9motionnel, fonctionnel, intellectuel etc. La relaxation est une th\u00e9rapie dont le but est de laisser l&rsquo;esprit vagabonder sans chercher \u00e0 contr\u00f4ler les pens\u00e9es, de favoriser une d\u00e9tente musculaire, de se lib\u00e9rer du stress en prenant de la distance par rapport aux d\u00e9clencheurs du stress en modifiant son point de vue.<\/p>\n\n\n\n<p>Le corps permet un d\u00e9placement d&rsquo;un point vue spatial et une autre vision du monde, l&rsquo;esprit peut donc d\u00e9velopper d&rsquo;autres comp\u00e9tences en r\u00e9alisant ce m\u00eame d\u00e9placement. <\/p>\n\n\n\n<p class=\"has-text-align-center\"><strong><mark style=\"background-color:#8ed1fc\" class=\"has-inline-color has-vivid-red-color\">une demi journ\u00e9e pour soi ou plusieurs s\u00e9ances<\/mark><\/strong><\/p>\n\n\n\n<p><strong><u>MASSAGE<\/u>&nbsp;: massage \u00e0 l&rsquo;huile chaude pour retrouver l&rsquo;\u00e9nergie, avec ou sans gommage pr\u00e9alable, massage aux pierres chaudes<\/strong><\/p>\n\n\n\n<p><strong><u>B<\/u><u>ol d&rsquo;air Jacquier&nbsp;:<\/u>pour faire le plein d&rsquo;oxyg\u00e8ne et augmenter sa forme<\/strong><\/p>\n\n\n\n<p><strong><u>APPAREIL A CAVITATION<\/u>&nbsp;:<\/strong><\/p>\n\n\n\n<p><strong>appareil \u00e0 ultra sons pour traiter les zones de blocage et r\u00e9tention<\/strong><\/p>\n\n\n\n<p><strong><u>WELLBOX<\/u>: appareil de massage<\/strong><\/p>\n\n\n\n<p><strong>PRESSOTHERAPIE&nbsp;: dynamisation de la circulation sanguine<\/strong><\/p>\n\n\n\n<p><strong>POSE de K TAPE<\/strong><\/p>\n\n\n\n<figure class=\"wp-block-image size-large is-resized\"><img loading=\"lazy\" decoding=\"async\" width=\"1024\" height=\"1019\" src=\"https:\/\/nathalie-bideau.fr\/wp-content\/uploads\/2024\/04\/image-2-1024x1019.png\" alt=\"\" class=\"wp-image-490\" style=\"width:165px;height:auto\" srcset=\"https:\/\/nathalie-bideau.fr\/wp-content\/uploads\/2024\/04\/image-2-1024x1019.png 1024w, https:\/\/nathalie-bideau.fr\/wp-content\/uploads\/2024\/04\/image-2-300x298.png 300w, https:\/\/nathalie-bideau.fr\/wp-content\/uploads\/2024\/04\/image-2-150x150.png 150w, https:\/\/nathalie-bideau.fr\/wp-content\/uploads\/2024\/04\/image-2-768x764.png 768w, https:\/\/nathalie-bideau.fr\/wp-content\/uploads\/2024\/04\/image-2-1536x1528.png 1536w, https:\/\/nathalie-bideau.fr\/wp-content\/uploads\/2024\/04\/image-2-60x60.png 60w, https:\/\/nathalie-bideau.fr\/wp-content\/uploads\/2024\/04\/image-2.png 1733w\" sizes=\"(max-width: 1024px) 100vw, 1024px\" \/><\/figure>\n\n\n\n<p><\/p>\n\n\n\n<p><\/p>\n\n\n\n<p><\/p>\n\n\n\n<p><strong><em>Conseils en nutrition et compl\u00e9ments alimentaires<\/em><\/strong><\/p>\n\n\n\n<figure class=\"wp-block-image size-full\"><img loading=\"lazy\" decoding=\"async\" width=\"167\" height=\"180\" src=\"http:\/\/nathalie-bideau.fr\/wp-content\/uploads\/2024\/01\/corps.jpg\" alt=\"\" class=\"wp-image-457\" srcset=\"https:\/\/nathalie-bideau.fr\/wp-content\/uploads\/2024\/01\/corps.jpg 167w, https:\/\/nathalie-bideau.fr\/wp-content\/uploads\/2024\/01\/corps-56x60.jpg 56w\" sizes=\"(max-width: 167px) 100vw, 167px\" \/><\/figure>\n\n\n\n<p><\/p>\n\n\n\n<p><\/p>\n","protected":false},"excerpt":{"rendered":"<p>Je pratique depuis 1985 la r\u00e9\u00e9ducation, qui associe massage et mouvements, alli\u00e9e \u00e0 une prise de conscience de soi par le corps, ses limites comme ses capacit\u00e9s, et la gestion &hellip; <\/p>\n","protected":false},"author":1,"featured_media":180,"parent":0,"menu_order":0,"comment_status":"closed","ping_status":"closed","template":"","meta":{"footnotes":""},"_links":{"self":[{"href":"https:\/\/nathalie-bideau.fr\/index.php?rest_route=\/wp\/v2\/pages\/154"}],"collection":[{"href":"https:\/\/nathalie-bideau.fr\/index.php?rest_route=\/wp\/v2\/pages"}],"about":[{"href":"https:\/\/nathalie-bideau.fr\/index.php?rest_route=\/wp\/v2\/types\/page"}],"author":[{"embeddable":true,"href":"https:\/\/nathalie-bideau.fr\/index.php?rest_route=\/wp\/v2\/users\/1"}],"replies":[{"embeddable":true,"href":"https:\/\/nathalie-bideau.fr\/index.php?rest_route=%2Fwp%2Fv2%2Fcomments&post=154"}],"version-history":[{"count":18,"href":"https:\/\/nathalie-bideau.fr\/index.php?rest_route=\/wp\/v2\/pages\/154\/revisions"}],"predecessor-version":[{"id":582,"href":"https:\/\/nathalie-bideau.fr\/index.php?rest_route=\/wp\/v2\/pages\/154\/revisions\/582"}],"wp:featuredmedia":[{"embeddable":true,"href":"https:\/\/nathalie-bideau.fr\/index.php?rest_route=\/wp\/v2\/media\/180"}],"wp:attachment":[{"href":"https:\/\/nathalie-bideau.fr\/index.php?rest_route=%2Fwp%2Fv2%2Fmedia&parent=154"}],"curies":[{"name":"wp","href":"https:\/\/api.w.org\/{rel}","templated":true}]}}