{"id":131,"date":"2019-08-21T06:41:36","date_gmt":"2019-08-21T06:41:36","guid":{"rendered":"http:\/\/0.0.0.0:8080\/?page_id=131"},"modified":"2026-03-09T07:24:30","modified_gmt":"2026-03-09T06:24:30","slug":"tarifs","status":"publish","type":"page","link":"https:\/\/nathalie-bideau.fr\/?page_id=131","title":{"rendered":"Tarifs"},"content":{"rendered":"\n<p><strong><mark style=\"background-color:rgba(0, 0, 0, 0)\" class=\"has-inline-color has-pale-pink-color\">R\u00e9flexologie plantaire <\/mark><\/strong><\/p>\n\n\n\n<p>Travail sur l&rsquo;ensemble du pied pour travailler les points de r\u00e9flexologie cartographi\u00e9s.<\/p>\n\n\n\n<ul>\n<li>dur\u00e9e: 60 mn <\/li>\n\n\n\n<li>tarif: 65 euros<\/li>\n<\/ul>\n\n\n\n<p><strong><mark style=\"background-color:rgba(0, 0, 0, 0)\" class=\"has-inline-color has-vivid-purple-color\">Massage au bol KANTSU<\/mark><\/strong><\/p>\n\n\n\n<p>Nettoyage du pied par des techniques de massages sp\u00e9cifiques avec du GHEE puis travail avec le bol KANTSU<\/p>\n\n\n\n<ul>\n<li>dur\u00e9e: 40 mn <\/li>\n\n\n\n<li>tarif: 55 euros<\/li>\n<\/ul>\n\n\n\n<p><mark style=\"background-color:rgba(0, 0, 0, 0)\" class=\"has-inline-color has-vivid-red-color\"><strong>Massage pieds mains crois\u00e9s<\/strong><\/mark><\/p>\n\n\n\n<p>Massage \u00e0 l&rsquo;huile chaude (s\u00e9same ou coco selon la saison et le temp\u00e9rament)<\/p>\n\n\n\n<ul>\n<li>dur\u00e9e: 40 mn    <\/li>\n\n\n\n<li>tarif 55 \u20ac<\/li>\n<\/ul>\n\n\n\n<p><strong><mark style=\"background-color:rgba(0, 0, 0, 0)\" class=\"has-inline-color has-luminous-vivid-orange-color\">Shiatsu<\/mark><\/strong><br>Technique d&rsquo;appui manuel sur les m\u00e9ridiens d&rsquo;acupuncture, la personne est habill\u00e9e et install\u00e9e au sol<br>       &#8211; Dur\u00e9e : 60 min<br>       &#8211; Prix : 65 euros<\/p>\n\n\n\n<p><strong>Saundarya<\/strong><br>Gommage purifiant, masque r\u00e9g\u00e9n\u00e9rant, massage du visage et de la nuque, massage de la main <br>       &#8211; Dur\u00e9e : 45 min<br>       &#8211; Prix : 50\u20ac<\/p>\n\n\n\n<p><strong>Padabhyanga<\/strong><br>Massage du dos, du ventre et des membres inf\u00e9rieurs. Cette technique est tout \u00e0 fait int\u00e9ressante pour des sportifs, des personnes souhaitant un travail sp\u00e9cifique sur le bas du corps.<br>       &#8211; Dur\u00e9e : 35 min<br>       &#8211; Prix : 45\u20ac<\/p>\n\n\n\n<p><strong><mark style=\"background-color:rgba(0, 0, 0, 0)\" class=\"has-inline-color has-vivid-red-color\">Deep Connection massage<\/mark><\/strong><br>Massage de tout le corps sur table \u00e0 l&rsquo;huile chaude<br>       &#8211; Dur\u00e9e : 75 \u00e0 90 min<br>       &#8211; Prix : 80\u20ac<\/p>\n\n\n\n<p><strong><mark style=\"background-color:rgba(0, 0, 0, 0)\" class=\"has-inline-color has-vivid-cyan-blue-color\">Abhyanga<\/mark> <\/strong><br>       &#8211; Dur\u00e9e : 50 min<br>       &#8211; Prix : 65\u20ac<\/p>\n\n\n\n<p><strong><mark style=\"background-color:rgba(0, 0, 0, 0)\" class=\"has-inline-color has-vivid-cyan-blue-color\">Kalari<\/mark><\/strong><br>       &#8211; Dur\u00e9e : 60 \u00e0 90 min<br>       &#8211; Prix : 80\u20ac<\/p>\n\n\n\n<p><mark style=\"background-color:rgba(0, 0, 0, 0)\" class=\"has-inline-color has-luminous-vivid-amber-color\"><strong>Padaprakshalana<\/strong> <\/mark>(associ\u00e9 au Pagatchampi)<br>Bain de pieds en eau chaude (3mn) puis eau froide (45sec) \u00e0 3 reprises<\/p>\n\n\n\n<p><br><strong><mark style=\"background-color:rgba(0, 0, 0, 0)\" class=\"has-inline-color has-pale-cyan-blue-color\">Pagatchampi<\/mark><\/strong><br>Massage des jambes, massage manuel des pieds, massage des pieds \u00e0 l&rsquo;aide du bol<br>       &#8211; Dur\u00e9e : 60 min<br>       &#8211; Prix : 65\u20ac<\/p>\n\n\n\n<p><br><strong><mark style=\"background-color:rgba(0, 0, 0, 0)\" class=\"has-inline-color has-pale-cyan-blue-color\">Pagatchampi<\/mark><\/strong><br>Massage des jambes, massage manuel des pieds, massage des pieds \u00e0 l&rsquo;aide du bol<br>       &#8211; Dur\u00e9e : 60 min<br>       &#8211; Prix : 65\u20ac<\/p>\n\n\n\n<p><strong><mark style=\"background-color:rgba(0, 0, 0, 0)\" class=\"has-inline-color has-vivid-purple-color\">Drainage lymphatique<\/mark><\/strong><br>       &#8211; Membres inf\u00e9rieurs seuls : 35 \u20ac<br>       &#8211; Totalit\u00e9 du corps : 55 \u20ac<\/p>\n\n\n\n<p><strong>Sp\u00e9cial ventre<\/strong>: <\/p>\n\n\n\n<ul>\n<li>dur\u00e9e 45 \u00e0 60 mn<\/li>\n\n\n\n<li>Tarif: 65 euros<\/li>\n<\/ul>\n","protected":false},"excerpt":{"rendered":"<p>R\u00e9flexologie plantaire Travail sur l&rsquo;ensemble du pied pour travailler les points de r\u00e9flexologie cartographi\u00e9s. Massage au bol KANTSU Nettoyage du pied par des techniques de massages sp\u00e9cifiques avec du GHEE &hellip; <\/p>\n","protected":false},"author":1,"featured_media":180,"parent":0,"menu_order":0,"comment_status":"closed","ping_status":"closed","template":"","meta":{"footnotes":""},"_links":{"self":[{"href":"https:\/\/nathalie-bideau.fr\/index.php?rest_route=\/wp\/v2\/pages\/131"}],"collection":[{"href":"https:\/\/nathalie-bideau.fr\/index.php?rest_route=\/wp\/v2\/pages"}],"about":[{"href":"https:\/\/nathalie-bideau.fr\/index.php?rest_route=\/wp\/v2\/types\/page"}],"author":[{"embeddable":true,"href":"https:\/\/nathalie-bideau.fr\/index.php?rest_route=\/wp\/v2\/users\/1"}],"replies":[{"embeddable":true,"href":"https:\/\/nathalie-bideau.fr\/index.php?rest_route=%2Fwp%2Fv2%2Fcomments&post=131"}],"version-history":[{"count":16,"href":"https:\/\/nathalie-bideau.fr\/index.php?rest_route=\/wp\/v2\/pages\/131\/revisions"}],"predecessor-version":[{"id":600,"href":"https:\/\/nathalie-bideau.fr\/index.php?rest_route=\/wp\/v2\/pages\/131\/revisions\/600"}],"wp:featuredmedia":[{"embeddable":true,"href":"https:\/\/nathalie-bideau.fr\/index.php?rest_route=\/wp\/v2\/media\/180"}],"wp:attachment":[{"href":"https:\/\/nathalie-bideau.fr\/index.php?rest_route=%2Fwp%2Fv2%2Fmedia&parent=131"}],"curies":[{"name":"wp","href":"https:\/\/api.w.org\/{rel}","templated":true}]}}