{"id":109,"date":"2019-08-20T16:56:34","date_gmt":"2019-08-20T16:56:34","guid":{"rendered":"http:\/\/0.0.0.0:8080\/?page_id=109"},"modified":"2024-04-07T17:29:10","modified_gmt":"2024-04-07T15:29:10","slug":"techniques-de-massages","status":"publish","type":"page","link":"https:\/\/nathalie-bideau.fr\/?page_id=109","title":{"rendered":"Techniques de massages"},"content":{"rendered":"\n<figure class=\"wp-block-image size-full is-resized\"><img loading=\"lazy\" decoding=\"async\" width=\"420\" height=\"289\" src=\"https:\/\/nathalie-bideau.fr\/wp-content\/uploads\/2024\/04\/image-3.png\" alt=\"\" class=\"wp-image-492\" style=\"width:436px;height:auto\" srcset=\"https:\/\/nathalie-bideau.fr\/wp-content\/uploads\/2024\/04\/image-3.png 420w, https:\/\/nathalie-bideau.fr\/wp-content\/uploads\/2024\/04\/image-3-300x206.png 300w, https:\/\/nathalie-bideau.fr\/wp-content\/uploads\/2024\/04\/image-3-87x60.png 87w\" sizes=\"(max-width: 420px) 100vw, 420px\" \/><\/figure>\n\n\n\n<p class=\"has-text-align-center\"><mark style=\"background-color:rgba(0, 0, 0, 0)\" class=\"has-inline-color has-vivid-purple-color\"> <strong>SHIATSU<\/strong><\/mark><\/p>\n\n\n\n<p class=\"has-text-align-center\"> Technique d&rsquo;origine japonaise, le shiatsu part du principe que chaque partie du corps est travers\u00e9e par des m\u00e9ridiens \u00e9nerg\u00e9tiques, chaque m\u00e9ridien \u00e9tant associ\u00e9 \u00e0 une partie du corps, un organe voir m\u00eame \u00e0 une fonction psychomotrice. <\/p>\n\n\n\n<p class=\"has-text-align-center\">Le praticien shiatsu pourra agir sur ces flux d\u2019\u00e9nergie en exer\u00e7ant des pressions sur des points d\u2019acupuncture permettant ainsi d\u2019\u00e9viter que certaines parties du corps ne regorgent trop d\u2019\u00e9nergie l\u00e0 ou d\u2019autres en manqueraient cr\u00e9ant ainsi un \u00e9tat pathologique de mal-\u00eatre et de stress, voir plus.<\/p>\n\n\n\n<p class=\"has-text-align-center\">Cette technique se pratique sur une personne habill\u00e9e avec des v\u00eatements l\u00e9gers et souples et le th\u00e9rapeute se d\u00e9place en effectuant des pressions sur le corps en position couch\u00e9e sur le dos, le ventre et sur les c\u00f4t\u00e9s.<\/p>\n\n\n<div class=\"wp-block-image\">\n<figure class=\"aligncenter size-full is-resized\"><img loading=\"lazy\" decoding=\"async\" width=\"500\" height=\"310\" src=\"http:\/\/nathalie-bideau.fr\/wp-content\/uploads\/2024\/02\/shiatsu-e1707074727687.jpg\" alt=\"\" class=\"wp-image-461\" style=\"width:356px;height:auto\"\/><\/figure><\/div>\n\n\n<p><\/p>\n\n\n\n<p><\/p>\n\n\n\n<p class=\"has-text-align-center\"><strong><mark style=\"background-color:rgba(0, 0, 0, 0)\" class=\"has-inline-color has-vivid-red-color\">R\u00c9FLEXOLOGIE PLANTAIRE<\/mark><\/strong><\/p>\n\n\n\n<figure class=\"wp-block-image size-full is-resized\"><img loading=\"lazy\" decoding=\"async\" width=\"223\" height=\"226\" src=\"https:\/\/nathalie-bideau.fr\/wp-content\/uploads\/2024\/04\/image-4.png\" alt=\"\" class=\"wp-image-494\" style=\"width:204px;height:auto\" srcset=\"https:\/\/nathalie-bideau.fr\/wp-content\/uploads\/2024\/04\/image-4.png 223w, https:\/\/nathalie-bideau.fr\/wp-content\/uploads\/2024\/04\/image-4-59x60.png 59w\" sizes=\"(max-width: 223px) 100vw, 223px\" \/><\/figure>\n\n\n\n<p class=\"has-text-align-center\"> C\u2019est une th\u00e9rapie d&rsquo;appoint consistant \u00e0 traiter diff\u00e9rents troubles par des pressions sur les pieds. Selon la r\u00e9flexologie plantaire, le pied, divis\u00e9 en zones r\u00e9flexes, est la repr\u00e9sentation miniaturis\u00e9e du corps humain. A chaque zone r\u00e9flexe correspond une partie du corps. L&rsquo;art de la r\u00e9flexologie plantaire consiste \u00e0 exercer un toucher sp\u00e9cifique sur ces zones, dans le langage courant, cela correspond \u00e0 un massage des pieds, pour localiser les tensions et afin de les \u00e9liminer et de r\u00e9tablir l&rsquo;\u00e9quilibre.  <\/p>\n\n\n<div class=\"wp-block-image\">\n<figure class=\"aligncenter size-large is-resized\"><img loading=\"lazy\" decoding=\"async\" width=\"612\" height=\"408\" src=\"http:\/\/nathalie-bideau.fr\/wp-content\/uploads\/2019\/09\/DSD_4630.jpg\" alt=\"\" class=\"wp-image-272\" style=\"width:363px;height:auto\" srcset=\"https:\/\/nathalie-bideau.fr\/wp-content\/uploads\/2019\/09\/DSD_4630.jpg 612w, https:\/\/nathalie-bideau.fr\/wp-content\/uploads\/2019\/09\/DSD_4630-300x200.jpg 300w, https:\/\/nathalie-bideau.fr\/wp-content\/uploads\/2019\/09\/DSD_4630-90x60.jpg 90w, https:\/\/nathalie-bideau.fr\/wp-content\/uploads\/2019\/09\/DSD_4630-370x247.jpg 370w\" sizes=\"(max-width: 612px) 100vw, 612px\" \/><\/figure><\/div>","protected":false},"excerpt":{"rendered":"<p>SHIATSU Technique d&rsquo;origine japonaise, le shiatsu part du principe que chaque partie du corps est travers\u00e9e par des m\u00e9ridiens \u00e9nerg\u00e9tiques, chaque m\u00e9ridien \u00e9tant associ\u00e9 \u00e0 une partie du corps, un &hellip; <\/p>\n","protected":false},"author":1,"featured_media":180,"parent":0,"menu_order":0,"comment_status":"closed","ping_status":"closed","template":"","meta":{"footnotes":""},"_links":{"self":[{"href":"https:\/\/nathalie-bideau.fr\/index.php?rest_route=\/wp\/v2\/pages\/109"}],"collection":[{"href":"https:\/\/nathalie-bideau.fr\/index.php?rest_route=\/wp\/v2\/pages"}],"about":[{"href":"https:\/\/nathalie-bideau.fr\/index.php?rest_route=\/wp\/v2\/types\/page"}],"author":[{"embeddable":true,"href":"https:\/\/nathalie-bideau.fr\/index.php?rest_route=\/wp\/v2\/users\/1"}],"replies":[{"embeddable":true,"href":"https:\/\/nathalie-bideau.fr\/index.php?rest_route=%2Fwp%2Fv2%2Fcomments&post=109"}],"version-history":[{"count":11,"href":"https:\/\/nathalie-bideau.fr\/index.php?rest_route=\/wp\/v2\/pages\/109\/revisions"}],"predecessor-version":[{"id":495,"href":"https:\/\/nathalie-bideau.fr\/index.php?rest_route=\/wp\/v2\/pages\/109\/revisions\/495"}],"wp:featuredmedia":[{"embeddable":true,"href":"https:\/\/nathalie-bideau.fr\/index.php?rest_route=\/wp\/v2\/media\/180"}],"wp:attachment":[{"href":"https:\/\/nathalie-bideau.fr\/index.php?rest_route=%2Fwp%2Fv2%2Fmedia&parent=109"}],"curies":[{"name":"wp","href":"https:\/\/api.w.org\/{rel}","templated":true}]}}